{"id":204,"date":"2022-06-10T13:41:11","date_gmt":"2022-06-10T13:41:11","guid":{"rendered":"https:\/\/i-gameproject.eu\/?page_id=204"},"modified":"2026-03-06T12:46:49","modified_gmt":"2026-03-06T12:46:49","slug":"the-project-ro","status":"publish","type":"page","link":"https:\/\/i-gameproject.eu\/?page_id=204&lang=ro","title":{"rendered":"THE-PROJECT-RO"},"content":{"rendered":"\t\t<div data-elementor-type=\"wp-page\" data-elementor-id=\"204\" class=\"elementor elementor-204\">\n\t\t\t\t\t\t\t\t\t<section class=\"elementor-section elementor-top-section elementor-element elementor-element-f1e5303 elementor-section-content-middle elementor-section-boxed elementor-section-height-default elementor-section-height-default\" data-id=\"f1e5303\" data-element_type=\"section\" data-settings=\"{&quot;background_background&quot;:&quot;classic&quot;}\">\n\t\t\t\t\t\t\t<div class=\"elementor-background-overlay\"><\/div>\n\t\t\t\t\t\t\t<div class=\"elementor-container elementor-column-gap-no\">\n\t\t\t\t\t<div class=\"elementor-column elementor-col-100 elementor-top-column elementor-element elementor-element-2acc485\" data-id=\"2acc485\" data-element_type=\"column\">\n\t\t\t<div class=\"elementor-widget-wrap elementor-element-populated\">\n\t\t\t\t\t\t\t\t<div class=\"elementor-element elementor-element-9d809e2 elementor-widget elementor-widget-heading\" data-id=\"9d809e2\" data-element_type=\"widget\" data-widget_type=\"heading.default\">\n\t\t\t\t<div class=\"elementor-widget-container\">\n\t\t\t<style>\/*! elementor - v3.15.0 - 20-08-2023 *\/\n.elementor-heading-title{padding:0;margin:0;line-height:1}.elementor-widget-heading .elementor-heading-title[class*=elementor-size-]>a{color:inherit;font-size:inherit;line-height:inherit}.elementor-widget-heading .elementor-heading-title.elementor-size-small{font-size:15px}.elementor-widget-heading .elementor-heading-title.elementor-size-medium{font-size:19px}.elementor-widget-heading .elementor-heading-title.elementor-size-large{font-size:29px}.elementor-widget-heading .elementor-heading-title.elementor-size-xl{font-size:39px}.elementor-widget-heading .elementor-heading-title.elementor-size-xxl{font-size:59px}<\/style><h4 class=\"elementor-heading-title elementor-size-default\">Proiectul<\/h4>\t\t<\/div>\n\t\t\t\t<\/div>\n\t\t\t\t\t<\/div>\n\t\t<\/div>\n\t\t\t\t\t\t\t<\/div>\n\t\t<\/section>\n\t\t\t\t<section class=\"elementor-section elementor-top-section elementor-element elementor-element-b33f511 elementor-section-boxed elementor-section-height-default elementor-section-height-default\" data-id=\"b33f511\" data-element_type=\"section\">\n\t\t\t\t\t\t<div class=\"elementor-container elementor-column-gap-default\">\n\t\t\t\t\t<div class=\"elementor-column elementor-col-100 elementor-top-column elementor-element elementor-element-778720b\" data-id=\"778720b\" data-element_type=\"column\">\n\t\t\t<div class=\"elementor-widget-wrap elementor-element-populated\">\n\t\t\t\t\t\t\t\t<div class=\"elementor-element elementor-element-f953f50 elementor-widget elementor-widget-heading\" data-id=\"f953f50\" data-element_type=\"widget\" data-widget_type=\"heading.default\">\n\t\t\t\t<div class=\"elementor-widget-container\">\n\t\t\t<h2 class=\"elementor-heading-title elementor-size-default\">SCOP<\/h2>\t\t<\/div>\n\t\t\t\t<\/div>\n\t\t\t\t\t<\/div>\n\t\t<\/div>\n\t\t\t\t\t\t\t<\/div>\n\t\t<\/section>\n\t\t\t\t<section class=\"elementor-section elementor-top-section elementor-element elementor-element-1dea21d elementor-section-boxed elementor-section-height-default elementor-section-height-default\" data-id=\"1dea21d\" data-element_type=\"section\">\n\t\t\t\t\t\t<div class=\"elementor-container elementor-column-gap-default\">\n\t\t\t\t\t<div class=\"elementor-column elementor-col-100 elementor-top-column elementor-element elementor-element-4a41075\" data-id=\"4a41075\" data-element_type=\"column\">\n\t\t\t<div class=\"elementor-widget-wrap elementor-element-populated\">\n\t\t\t\t\t\t\t\t<div class=\"elementor-element elementor-element-208a813 elementor-widget elementor-widget-text-editor\" data-id=\"208a813\" data-element_type=\"widget\" data-widget_type=\"text-editor.default\">\n\t\t\t\t<div class=\"elementor-widget-container\">\n\t\t\t<style>\/*! elementor - v3.15.0 - 20-08-2023 *\/\n.elementor-widget-text-editor.elementor-drop-cap-view-stacked .elementor-drop-cap{background-color:#69727d;color:#fff}.elementor-widget-text-editor.elementor-drop-cap-view-framed .elementor-drop-cap{color:#69727d;border:3px solid;background-color:transparent}.elementor-widget-text-editor:not(.elementor-drop-cap-view-default) .elementor-drop-cap{margin-top:8px}.elementor-widget-text-editor:not(.elementor-drop-cap-view-default) .elementor-drop-cap-letter{width:1em;height:1em}.elementor-widget-text-editor .elementor-drop-cap{float:left;text-align:center;line-height:1;font-size:50px}.elementor-widget-text-editor .elementor-drop-cap-letter{display:inline-block}<\/style>\t\t\t\t<p>Proiectul &#8221;I-GAME: Metodologii inovatoare de joc \u00een educa\u021bie&#8221; \u00ee\u0219i propune s\u0103 \u00eembun\u0103t\u0103\u021beasc\u0103 \u0219i s\u0103 actualizeze metodele \u0219i viziunile \u00eenvechite existente cu privire la utilizarea jocurilor serioase \u00een educa\u021bie \u00een beneficiul diferitelor grupuri dezavantajate.<\/p>\t\t\t\t\t\t<\/div>\n\t\t\t\t<\/div>\n\t\t\t\t\t<\/div>\n\t\t<\/div>\n\t\t\t\t\t\t\t<\/div>\n\t\t<\/section>\n\t\t\t\t<section class=\"elementor-section elementor-top-section elementor-element elementor-element-f88f905 elementor-section-boxed elementor-section-height-default elementor-section-height-default\" data-id=\"f88f905\" data-element_type=\"section\">\n\t\t\t\t\t\t<div class=\"elementor-container elementor-column-gap-default\">\n\t\t\t\t\t<div class=\"elementor-column elementor-col-100 elementor-top-column elementor-element elementor-element-7af8fb4\" data-id=\"7af8fb4\" data-element_type=\"column\">\n\t\t\t<div class=\"elementor-widget-wrap elementor-element-populated\">\n\t\t\t\t\t\t\t\t<div class=\"elementor-element elementor-element-f3ec1b0 elementor-widget elementor-widget-heading\" data-id=\"f3ec1b0\" data-element_type=\"widget\" data-widget_type=\"heading.default\">\n\t\t\t\t<div class=\"elementor-widget-container\">\n\t\t\t<h2 class=\"elementor-heading-title elementor-size-default\">IDEEA<\/h2>\t\t<\/div>\n\t\t\t\t<\/div>\n\t\t\t\t\t<\/div>\n\t\t<\/div>\n\t\t\t\t\t\t\t<\/div>\n\t\t<\/section>\n\t\t\t\t<section class=\"elementor-section elementor-top-section elementor-element elementor-element-7045ef1 elementor-section-boxed elementor-section-height-default elementor-section-height-default\" data-id=\"7045ef1\" data-element_type=\"section\">\n\t\t\t\t\t\t<div class=\"elementor-container elementor-column-gap-default\">\n\t\t\t\t\t<div class=\"elementor-column elementor-col-100 elementor-top-column elementor-element elementor-element-598f6fb\" data-id=\"598f6fb\" data-element_type=\"column\">\n\t\t\t<div class=\"elementor-widget-wrap elementor-element-populated\">\n\t\t\t\t\t\t\t\t<div class=\"elementor-element elementor-element-d274d5f elementor-widget elementor-widget-text-editor\" data-id=\"d274d5f\" data-element_type=\"widget\" data-widget_type=\"text-editor.default\">\n\t\t\t\t<div class=\"elementor-widget-container\">\n\t\t\t\t\t\t\t<p>Ca o nou\u0103 tendin\u021b\u0103, jocurile sunt tot mai des incluse \u00een procesul educa\u021bional, \u0219i asta pentru un motiv \u00eentemeiat. Este bine cunoscut faptul c\u0103 activit\u0103\u021bile participative au o eficien\u021b\u0103 sporit\u0103 \u00een transmiterea con\u021binutului educa\u021bional. Natura recreativ\u0103 a jocurilor permite participantului s\u0103 se bucure de procesul de \u00eenv\u0103\u021bare, acord\u00e2nd astfel mai mult\u0103 aten\u021bie \u0219i absorbind cuno\u0219tin\u021bele \u0219i abilit\u0103\u021bile oferite. \u00cen plus, func\u021bia cognitiv\u0103 a celui care \u00eenva\u021b\u0103 este sporit\u0103, deoarece participarea sa implic\u0103 luarea de decizii \u0219i interac\u021biune social\u0103.<\/p><p>\u00cen ultimii ani, industria gaming &#8211; \u00een special cea a jocurilor de societate &#8211; a f\u0103cut progrese uria\u0219e \u0219i a evoluat la cote de neb\u0103nuit. Cu toate acestea, utilizarea sa \u00een sectorul educa\u021bional a r\u0103mas legat\u0103 de starea \u00eenvechit\u0103 a jocurilor din deceniile trecute \u0219i nu a fost la curent cu noile \u0219i complicatele mecanisme de joc care domin\u0103 industria modern\u0103 a jocurilor.<\/p><p>Studiind numeroase proiecte \u0219i rezultate, se constat\u0103 c\u0103, de cele mai multe ori, accentul pus pe jocurile serioase se bazeaz\u0103 pe concepte vechi, lipsite de \u00een\u021belegerea capacit\u0103\u021bilor pe care le ofer\u0103 industria modern\u0103 a jocurilor \u0219i, de obicei, se limiteaz\u0103 la versiunile digitale ale acestora, care au multe dezavantaje \u00een compara\u021bie cu jocurile de societate. Avantajele jocurilor de mas\u0103 se reg\u0103sesc mai ales \u00een aspectul lor social, deoarece oamenilor li se cere s\u0103 interac\u021bioneze cu colegii lor ca o condi\u021bie de baz\u0103 pentru a participa la joc. \u00cen plus, \u00een ciuda faptului c\u0103 tr\u0103im \u00eentr-o er\u0103 digital\u0103, clasele economice cele mai de jos se lupt\u0103 adesea pentru a ob\u021bine ceea ce majoritatea oamenilor ar considera de la sine \u00een\u021beles &#8211; utilizarea internetului, iar de\u021binerea unui computer nu este gratuit\u0103, mai ales \u00een vremurile recente de tulbur\u0103ri economice \u0219i repercusiunile dezastrelor naturale \u0219i ale pandemiilor.<\/p><p>Proiectul nostru \u00ee\u0219i propune s\u0103 contribuie la reducerea decalajelor prin reunirea unor organiza\u021bii cu un set variabil de expertiz\u0103, pentru a facilita o \u00een\u021belegere modern\u0103 a poten\u021bialelor utiliz\u0103ri ale jocurilor de mas\u0103 \u00een educa\u021bie, pentru diferite grupuri \u021bint\u0103. Organiza\u021biile implicate lucreaz\u0103 toate \u00eentr-un fel sau altul cu jocurile de mas\u0103 (produc\u021bie, design, aplica\u021bii pentru persoanele cu dizabilit\u0103\u021bi, aplica\u021bii pentru minorit\u0103\u021bi \u0219i persoane excluse), iar prin reunirea lor, acestea \u00ee\u0219i vor vedea nevoile \u0219i particularit\u0103\u021bile, put\u00e2nd astfel s\u0103 defineasc\u0103 punctele comune \u0219i informa\u021biile de care fiecare are nevoie pentru a coopera \u00een mod eficace \u0219i pentru a fi mai eficiente \u00een domeniile lor respective.<\/p><p>\u00a0<\/p>\t\t\t\t\t\t<\/div>\n\t\t\t\t<\/div>\n\t\t\t\t\t<\/div>\n\t\t<\/div>\n\t\t\t\t\t\t\t<\/div>\n\t\t<\/section>\n\t\t\t\t<section class=\"elementor-section elementor-top-section elementor-element elementor-element-0cf59ab elementor-section-boxed elementor-section-height-default elementor-section-height-default\" data-id=\"0cf59ab\" data-element_type=\"section\">\n\t\t\t\t\t\t<div class=\"elementor-container elementor-column-gap-default\">\n\t\t\t\t\t<div class=\"elementor-column elementor-col-100 elementor-top-column elementor-element elementor-element-71de935\" data-id=\"71de935\" data-element_type=\"column\">\n\t\t\t<div class=\"elementor-widget-wrap elementor-element-populated\">\n\t\t\t\t\t\t\t\t<div class=\"elementor-element elementor-element-6c191ca elementor-widget elementor-widget-heading\" data-id=\"6c191ca\" data-element_type=\"widget\" data-widget_type=\"heading.default\">\n\t\t\t\t<div class=\"elementor-widget-container\">\n\t\t\t<h2 class=\"elementor-heading-title elementor-size-default\">GRUPURI \u021aINT\u0102<\/h2>\t\t<\/div>\n\t\t\t\t<\/div>\n\t\t\t\t\t<\/div>\n\t\t<\/div>\n\t\t\t\t\t\t\t<\/div>\n\t\t<\/section>\n\t\t\t\t<section class=\"elementor-section elementor-top-section elementor-element elementor-element-0410c04 elementor-section-boxed elementor-section-height-default elementor-section-height-default\" data-id=\"0410c04\" data-element_type=\"section\">\n\t\t\t\t\t\t<div class=\"elementor-container elementor-column-gap-default\">\n\t\t\t\t\t<div class=\"elementor-column elementor-col-100 elementor-top-column elementor-element elementor-element-2e13968\" data-id=\"2e13968\" data-element_type=\"column\">\n\t\t\t<div class=\"elementor-widget-wrap elementor-element-populated\">\n\t\t\t\t\t\t\t\t<div class=\"elementor-element elementor-element-d491236 elementor-widget elementor-widget-text-editor\" data-id=\"d491236\" data-element_type=\"widget\" data-widget_type=\"text-editor.default\">\n\t\t\t\t<div class=\"elementor-widget-container\">\n\t\t\t\t\t\t\t<ul><li>Organiza\u021bii \u0219i persoane care sprijin\u0103 persoanele cu dizabilit\u0103\u021bi (intelectuale)<\/li><li>organiza\u021bii \u0219i persoane care sprijin\u0103 minorit\u0103\u021bile sau persoanele excluse din punct de vedere social<\/li><li>profesioni\u0219ti \u0219i societ\u0103\u021bi din industria jocurilor de mas\u0103<\/li><li>factori de decizie relevan\u021bi. <\/li><\/ul>\t\t\t\t\t\t<\/div>\n\t\t\t\t<\/div>\n\t\t\t\t\t<\/div>\n\t\t<\/div>\n\t\t\t\t\t\t\t<\/div>\n\t\t<\/section>\n\t\t\t\t<section class=\"elementor-section elementor-top-section elementor-element elementor-element-224cc3e elementor-section-boxed elementor-section-height-default elementor-section-height-default\" data-id=\"224cc3e\" data-element_type=\"section\">\n\t\t\t\t\t\t<div class=\"elementor-container elementor-column-gap-default\">\n\t\t\t\t\t<div class=\"elementor-column elementor-col-100 elementor-top-column elementor-element elementor-element-40631d6\" data-id=\"40631d6\" data-element_type=\"column\">\n\t\t\t<div class=\"elementor-widget-wrap elementor-element-populated\">\n\t\t\t\t\t\t\t\t<div class=\"elementor-element elementor-element-c85c675 elementor-widget elementor-widget-heading\" data-id=\"c85c675\" data-element_type=\"widget\" data-widget_type=\"heading.default\">\n\t\t\t\t<div class=\"elementor-widget-container\">\n\t\t\t<h2 class=\"elementor-heading-title elementor-size-default\">OBIECTIVE<\/h2>\t\t<\/div>\n\t\t\t\t<\/div>\n\t\t\t\t\t<\/div>\n\t\t<\/div>\n\t\t\t\t\t\t\t<\/div>\n\t\t<\/section>\n\t\t\t\t<section class=\"elementor-section elementor-top-section elementor-element elementor-element-16d271f elementor-section-boxed elementor-section-height-default elementor-section-height-default\" data-id=\"16d271f\" data-element_type=\"section\">\n\t\t\t\t\t\t<div class=\"elementor-container elementor-column-gap-default\">\n\t\t\t\t\t<div class=\"elementor-column elementor-col-100 elementor-top-column elementor-element elementor-element-9753e49\" data-id=\"9753e49\" data-element_type=\"column\">\n\t\t\t<div class=\"elementor-widget-wrap elementor-element-populated\">\n\t\t\t\t\t\t\t\t<div class=\"elementor-element elementor-element-71d15a7 elementor-widget elementor-widget-text-editor\" data-id=\"71d15a7\" data-element_type=\"widget\" data-widget_type=\"text-editor.default\">\n\t\t\t\t<div class=\"elementor-widget-container\">\n\t\t\t\t\t\t\t<ul><li>\u00cembun\u0103t\u0103\u021birea competen\u021belor educatorilor \u0219i ale altor categorii de personal din domeniul educa\u021biei adul\u021bilor promovarea incluziunii \u0219i a diversit\u0103\u021bii \u00een toate domeniile educa\u021biei form\u0103rii, tineretului \u0219i sportului<\/li><li>crearea de c\u0103i de perfec\u021bionare, \u00eembun\u0103t\u0103\u021birea accesibilit\u0103\u021bii \u0219i cre\u0219terea gradului de participare \u00een educa\u021bia adul\u021bilor<\/li><li>actualizarea domeniului Game-Based Learning&#8221;<\/li><\/ul>\t\t\t\t\t\t<\/div>\n\t\t\t\t<\/div>\n\t\t\t\t\t<\/div>\n\t\t<\/div>\n\t\t\t\t\t\t\t<\/div>\n\t\t<\/section>\n\t\t\t\t<section class=\"elementor-section elementor-top-section elementor-element elementor-element-46bffdd elementor-section-boxed elementor-section-height-default elementor-section-height-default\" data-id=\"46bffdd\" data-element_type=\"section\">\n\t\t\t\t\t\t<div class=\"elementor-container elementor-column-gap-default\">\n\t\t\t\t\t<div class=\"elementor-column elementor-col-100 elementor-top-column elementor-element elementor-element-5cffe8d\" data-id=\"5cffe8d\" data-element_type=\"column\">\n\t\t\t<div class=\"elementor-widget-wrap elementor-element-populated\">\n\t\t\t\t\t\t\t\t<div class=\"elementor-element elementor-element-e5f86ae elementor-widget elementor-widget-heading\" data-id=\"e5f86ae\" data-element_type=\"widget\" data-widget_type=\"heading.default\">\n\t\t\t\t<div class=\"elementor-widget-container\">\n\t\t\t<h2 class=\"elementor-heading-title elementor-size-default\">REZULTATE<\/h2>\t\t<\/div>\n\t\t\t\t<\/div>\n\t\t\t\t\t<\/div>\n\t\t<\/div>\n\t\t\t\t\t\t\t<\/div>\n\t\t<\/section>\n\t\t\t\t<section class=\"elementor-section elementor-top-section elementor-element elementor-element-12a9927 elementor-section-boxed elementor-section-height-default elementor-section-height-default\" data-id=\"12a9927\" data-element_type=\"section\">\n\t\t\t\t\t\t<div class=\"elementor-container elementor-column-gap-default\">\n\t\t\t\t\t<div class=\"elementor-column elementor-col-100 elementor-top-column elementor-element elementor-element-4276db6\" data-id=\"4276db6\" data-element_type=\"column\">\n\t\t\t<div class=\"elementor-widget-wrap elementor-element-populated\">\n\t\t\t\t\t\t\t\t<div class=\"elementor-element elementor-element-7e416f8 elementor-widget elementor-widget-text-editor\" data-id=\"7e416f8\" data-element_type=\"widget\" data-widget_type=\"text-editor.default\">\n\t\t\t\t<div class=\"elementor-widget-container\">\n\t\t\t\t\t\t\t<ul><li>O serie de patru sesiuni (cursuri practice) \u00een care participan\u021bii sunt ini\u021bia\u021bi \u0219i particip\u0103 \u00een tematica specific\u0103 a fiec\u0103rei sesiuni pentru a ob\u021bine o \u00een\u021belegere a subiectului (produc\u021bie \u0219i tehnic\u0103, structur\u0103 \u0219i design, analiza nevoilor \u0219i aplica\u021bii pentru persoanele cu dizabilit\u0103\u021bi, analiza nevoilor \u0219i aplica\u021bii pentru persoanele apar\u021bin\u00e2nd minorit\u0103\u021bilor sau excluse din punct de vedere social).\u00a0<\/li><li>Diseminarea experien\u021bei dob\u00e2ndite c\u0103tre p\u0103r\u021bile interesate relevante prin intermediul activit\u0103\u021bilor de diseminare ale proiectului \u0219i ale re\u021belelor partenerilor.\u00a0<\/li><li>Crearea de materiale prin care experien\u021ba va fi diseminat\u0103 (interviuri video, rapoarte etc.).<\/li><\/ul>\t\t\t\t\t\t<\/div>\n\t\t\t\t<\/div>\n\t\t\t\t\t<\/div>\n\t\t<\/div>\n\t\t\t\t\t\t\t<\/div>\n\t\t<\/section>\n\t\t\t\t<section class=\"elementor-section elementor-top-section elementor-element elementor-element-1d76968 elementor-section-boxed elementor-section-height-default elementor-section-height-default\" data-id=\"1d76968\" data-element_type=\"section\">\n\t\t\t\t\t\t<div class=\"elementor-container elementor-column-gap-default\">\n\t\t\t\t\t<div class=\"elementor-column elementor-col-100 elementor-top-column elementor-element elementor-element-979b65f\" data-id=\"979b65f\" data-element_type=\"column\">\n\t\t\t<div class=\"elementor-widget-wrap elementor-element-populated\">\n\t\t\t\t\t\t\t\t<div class=\"elementor-element elementor-element-4cdc412 elementor-widget elementor-widget-spacer\" data-id=\"4cdc412\" data-element_type=\"widget\" data-widget_type=\"spacer.default\">\n\t\t\t\t<div class=\"elementor-widget-container\">\n\t\t\t<style>\/*! elementor - v3.15.0 - 20-08-2023 *\/\n.elementor-column .elementor-spacer-inner{height:var(--spacer-size)}.e-con{--container-widget-width:100%}.e-con-inner>.elementor-widget-spacer,.e-con>.elementor-widget-spacer{width:var(--container-widget-width,var(--spacer-size));--align-self:var(--container-widget-align-self,initial);--flex-shrink:0}.e-con-inner>.elementor-widget-spacer>.elementor-widget-container,.e-con-inner>.elementor-widget-spacer>.elementor-widget-container>.elementor-spacer,.e-con>.elementor-widget-spacer>.elementor-widget-container,.e-con>.elementor-widget-spacer>.elementor-widget-container>.elementor-spacer{height:100%}.e-con-inner>.elementor-widget-spacer>.elementor-widget-container>.elementor-spacer>.elementor-spacer-inner,.e-con>.elementor-widget-spacer>.elementor-widget-container>.elementor-spacer>.elementor-spacer-inner{height:var(--container-widget-height,var(--spacer-size))}<\/style>\t\t<div class=\"elementor-spacer\">\n\t\t\t<div class=\"elementor-spacer-inner\"><\/div>\n\t\t<\/div>\n\t\t\t\t<\/div>\n\t\t\t\t<\/div>\n\t\t\t\t\t<\/div>\n\t\t<\/div>\n\t\t\t\t\t\t\t<\/div>\n\t\t<\/section>\n\t\t\t\t\t\t\t<\/div>\n\t\t","protected":false},"excerpt":{"rendered":"<p>Proiectul SCOP Proiectul &#8221;I-GAME: Metodologii inovatoare de joc \u00een educa\u021bie&#8221; \u00ee\u0219i propune s\u0103 \u00eembun\u0103t\u0103\u021beasc\u0103 \u0219i s\u0103 actualizeze metodele \u0219i viziunile \u00eenvechite existente cu privire la utilizarea jocurilor serioase \u00een educa\u021bie \u00een beneficiul diferitelor grupuri dezavantajate. IDEEA Ca o nou\u0103 tendin\u021b\u0103, jocurile sunt tot mai des incluse \u00een procesul educa\u021bional, \u0219i asta pentru un motiv \u00eentemeiat.&hellip;&nbsp;<a href=\"https:\/\/i-gameproject.eu\/?page_id=204&#038;lang=ro\" class=\"\" rel=\"bookmark\">Read More &raquo;<span class=\"screen-reader-text\">THE-PROJECT-RO<\/span><\/a><\/p>\n","protected":false},"author":1,"featured_media":0,"parent":0,"menu_order":0,"comment_status":"closed","ping_status":"closed","template":"page-templates\/template-pagebuilder-full-width.php","meta":{"neve_meta_sidebar":"","neve_meta_container":"","neve_meta_enable_content_width":"","neve_meta_content_width":0,"neve_meta_title_alignment":"","neve_meta_author_avatar":"","neve_post_elements_order":"","neve_meta_disable_header":"","neve_meta_disable_footer":"","neve_meta_disable_title":"","footnotes":""},"_links":{"self":[{"href":"https:\/\/i-gameproject.eu\/index.php?rest_route=\/wp\/v2\/pages\/204"}],"collection":[{"href":"https:\/\/i-gameproject.eu\/index.php?rest_route=\/wp\/v2\/pages"}],"about":[{"href":"https:\/\/i-gameproject.eu\/index.php?rest_route=\/wp\/v2\/types\/page"}],"author":[{"embeddable":true,"href":"https:\/\/i-gameproject.eu\/index.php?rest_route=\/wp\/v2\/users\/1"}],"replies":[{"embeddable":true,"href":"https:\/\/i-gameproject.eu\/index.php?rest_route=%2Fwp%2Fv2%2Fcomments&post=204"}],"version-history":[{"count":10,"href":"https:\/\/i-gameproject.eu\/index.php?rest_route=\/wp\/v2\/pages\/204\/revisions"}],"predecessor-version":[{"id":1067,"href":"https:\/\/i-gameproject.eu\/index.php?rest_route=\/wp\/v2\/pages\/204\/revisions\/1067"}],"wp:attachment":[{"href":"https:\/\/i-gameproject.eu\/index.php?rest_route=%2Fwp%2Fv2%2Fmedia&parent=204"}],"curies":[{"name":"wp","href":"https:\/\/api.w.org\/{rel}","templated":true}]}}