{"id":258,"date":"2022-06-10T13:42:16","date_gmt":"2022-06-10T13:42:16","guid":{"rendered":"https:\/\/i-gameproject.eu\/?page_id=258"},"modified":"2026-03-06T12:52:53","modified_gmt":"2026-03-06T12:52:53","slug":"news-pl","status":"publish","type":"page","link":"https:\/\/i-gameproject.eu\/?page_id=258&lang=pl","title":{"rendered":"NEWS-PL"},"content":{"rendered":"\t\t<div data-elementor-type=\"wp-page\" data-elementor-id=\"258\" class=\"elementor elementor-258\">\n\t\t\t\t\t\t\t\t\t<section class=\"elementor-section elementor-top-section elementor-element elementor-element-c492d3b elementor-section-content-middle elementor-section-boxed elementor-section-height-default elementor-section-height-default\" data-id=\"c492d3b\" data-element_type=\"section\" data-settings=\"{&quot;background_background&quot;:&quot;classic&quot;}\">\n\t\t\t\t\t\t\t<div class=\"elementor-background-overlay\"><\/div>\n\t\t\t\t\t\t\t<div class=\"elementor-container elementor-column-gap-no\">\n\t\t\t\t\t<div class=\"elementor-column elementor-col-100 elementor-top-column elementor-element elementor-element-7322da1\" data-id=\"7322da1\" data-element_type=\"column\">\n\t\t\t<div class=\"elementor-widget-wrap elementor-element-populated\">\n\t\t\t\t\t\t\t\t<div class=\"elementor-element elementor-element-3ded1f1 elementor-widget elementor-widget-heading\" data-id=\"3ded1f1\" data-element_type=\"widget\" data-widget_type=\"heading.default\">\n\t\t\t\t<div class=\"elementor-widget-container\">\n\t\t\t<style>\/*! elementor - v3.15.0 - 20-08-2023 *\/\n.elementor-heading-title{padding:0;margin:0;line-height:1}.elementor-widget-heading .elementor-heading-title[class*=elementor-size-]>a{color:inherit;font-size:inherit;line-height:inherit}.elementor-widget-heading .elementor-heading-title.elementor-size-small{font-size:15px}.elementor-widget-heading .elementor-heading-title.elementor-size-medium{font-size:19px}.elementor-widget-heading .elementor-heading-title.elementor-size-large{font-size:29px}.elementor-widget-heading .elementor-heading-title.elementor-size-xl{font-size:39px}.elementor-widget-heading .elementor-heading-title.elementor-size-xxl{font-size:59px}<\/style><h4 class=\"elementor-heading-title elementor-size-default\">Aktualno\u015bci<\/h4>\t\t<\/div>\n\t\t\t\t<\/div>\n\t\t\t\t\t<\/div>\n\t\t<\/div>\n\t\t\t\t\t\t\t<\/div>\n\t\t<\/section>\n\t\t\t\t<section class=\"elementor-section elementor-top-section elementor-element elementor-element-e1e93f6 elementor-section-boxed elementor-section-height-default elementor-section-height-default\" data-id=\"e1e93f6\" data-element_type=\"section\">\n\t\t\t\t\t\t<div class=\"elementor-container elementor-column-gap-default\">\n\t\t\t\t\t<div class=\"elementor-column elementor-col-100 elementor-top-column elementor-element elementor-element-4581cff\" data-id=\"4581cff\" data-element_type=\"column\">\n\t\t\t<div class=\"elementor-widget-wrap elementor-element-populated\">\n\t\t\t\t\t\t\t\t<div class=\"elementor-element elementor-element-8071a04 elementor-widget elementor-widget-spacer\" data-id=\"8071a04\" data-element_type=\"widget\" data-widget_type=\"spacer.default\">\n\t\t\t\t<div class=\"elementor-widget-container\">\n\t\t\t<style>\/*! elementor - v3.15.0 - 20-08-2023 *\/\n.elementor-column .elementor-spacer-inner{height:var(--spacer-size)}.e-con{--container-widget-width:100%}.e-con-inner>.elementor-widget-spacer,.e-con>.elementor-widget-spacer{width:var(--container-widget-width,var(--spacer-size));--align-self:var(--container-widget-align-self,initial);--flex-shrink:0}.e-con-inner>.elementor-widget-spacer>.elementor-widget-container,.e-con-inner>.elementor-widget-spacer>.elementor-widget-container>.elementor-spacer,.e-con>.elementor-widget-spacer>.elementor-widget-container,.e-con>.elementor-widget-spacer>.elementor-widget-container>.elementor-spacer{height:100%}.e-con-inner>.elementor-widget-spacer>.elementor-widget-container>.elementor-spacer>.elementor-spacer-inner,.e-con>.elementor-widget-spacer>.elementor-widget-container>.elementor-spacer>.elementor-spacer-inner{height:var(--container-widget-height,var(--spacer-size))}<\/style>\t\t<div class=\"elementor-spacer\">\n\t\t\t<div class=\"elementor-spacer-inner\"><\/div>\n\t\t<\/div>\n\t\t\t\t<\/div>\n\t\t\t\t<\/div>\n\t\t\t\t\t<\/div>\n\t\t<\/div>\n\t\t\t\t\t\t\t<\/div>\n\t\t<\/section>\n\t\t\t\t<section class=\"elementor-section elementor-top-section elementor-element elementor-element-4f7ad11 elementor-section-boxed elementor-section-height-default elementor-section-height-default\" data-id=\"4f7ad11\" data-element_type=\"section\">\n\t\t\t\t\t\t<div class=\"elementor-container elementor-column-gap-default\">\n\t\t\t\t\t<div class=\"elementor-column elementor-col-100 elementor-top-column elementor-element elementor-element-0bfa015\" data-id=\"0bfa015\" data-element_type=\"column\">\n\t\t\t<div class=\"elementor-widget-wrap elementor-element-populated\">\n\t\t\t\t\t\t\t\t<div class=\"elementor-element elementor-element-41df5de elementor-widget elementor-widget-shortcode\" data-id=\"41df5de\" data-element_type=\"widget\" data-widget_type=\"shortcode.default\">\n\t\t\t\t<div class=\"elementor-widget-container\">\n\t\t\t\t\t<div class=\"elementor-shortcode\">\t<div class=\"wpnawfree-plugin news-clearfix \" id=\"wpnw-news-1\">\r\n\r\n\t\t\r\n\t\t\t<div id=\"post-932\" class=\"news type-news wpnaw-blog-class has-date news-col-1 wpnaw-first\">\r\n\t\t\t\t<div class=\"news-inner-wrap-view news-clearfix \">\r\n\r\n\t\t\t\t\t\t\t\t\t\t<div class=\"news-thumb\">\r\n\t\t\t\t\t\t\t\t\t\t\t\t\t<div class=\"grid-news-thumb\">\r\n\t\t\t\t\t\t\t\t<a href=\"https:\/\/i-gameproject.eu\/?news=%CF%84%CE%BF-%CF%80%CE%B1%CE%B9%CF%87%CE%BD%CE%AF%CE%B4%CE%B9-%CF%84%CE%B7%CF%82-%CF%83%CE%BF%CF%8D%CF%80%CE%B1%CF%82-%CF%80%CF%8E%CF%82-%CE%B4%CE%B7%CE%BC%CE%B9%CE%BF%CF%85%CF%81%CE%B3&#038;lang=el\"><img loading=\"lazy\" width=\"1024\" height=\"683\" src=\"https:\/\/i-gameproject.eu\/wp-content\/uploads\/2024\/02\/LTTA-IV_76-1024x683.jpg\" class=\"attachment-large size-large wp-post-image\" alt=\"\" decoding=\"async\" srcset=\"https:\/\/i-gameproject.eu\/wp-content\/uploads\/2024\/02\/LTTA-IV_76-1024x683.jpg 1024w, https:\/\/i-gameproject.eu\/wp-content\/uploads\/2024\/02\/LTTA-IV_76-300x200.jpg 300w, https:\/\/i-gameproject.eu\/wp-content\/uploads\/2024\/02\/LTTA-IV_76-768x512.jpg 768w, https:\/\/i-gameproject.eu\/wp-content\/uploads\/2024\/02\/LTTA-IV_76-1536x1024.jpg 1536w, https:\/\/i-gameproject.eu\/wp-content\/uploads\/2024\/02\/LTTA-IV_76-2048x1365.jpg 2048w, https:\/\/i-gameproject.eu\/wp-content\/uploads\/2024\/02\/LTTA-IV_76-930x620.jpg 930w\" sizes=\"(max-width: 1024px) 100vw, 1024px\" \/><\/a>\r\n\t\t\t\t\t\t\t<\/div>\r\n\t\t\t\t\t\t\t\t\t\t\t<\/div>\r\n\t\t\t\t\t\r\n\t\t\t\t\t<div class=\"news-content\">\r\n\t\t\t\t\t\t\t\t\t\t\t\t\t<div class=\"date-post\">\r\n\t\t\t\t\t\t\t\t<h2><span>20<\/span><\/h2>\r\n\t\t\t\t\t\t\t\t<p>Jan 24<\/p>\r\n\t\t\t\t\t\t\t<\/div>\r\n\t\t\t\t\t\t\r\n\t\t\t\t\t\t<div class=\"post-content-text\">\r\n\t\t\t\t\t\t\t<h3 class=\"news-title\"><a href=\"https:\/\/i-gameproject.eu\/?news=%CF%84%CE%BF-%CF%80%CE%B1%CE%B9%CF%87%CE%BD%CE%AF%CE%B4%CE%B9-%CF%84%CE%B7%CF%82-%CF%83%CE%BF%CF%8D%CF%80%CE%B1%CF%82-%CF%80%CF%8E%CF%82-%CE%B4%CE%B7%CE%BC%CE%B9%CE%BF%CF%85%CF%81%CE%B3&#038;lang=el\" rel=\"bookmark\">\u03a4\u03bf \u00ab\u03c0\u03b1\u03b9\u03c7\u03bd\u03af\u03b4\u03b9 \u03c4\u03b7\u03c2 \u03a3\u03bf\u03cd\u03c0\u03b1\u03c2\u00bb &#8211; \u03a0\u03ce\u03c2 \u03b4\u03b7\u03bc\u03b9\u03bf\u03c5\u03c1\u03b3\u03ae\u03b8\u03b7\u03ba\u03b5 \u03c4\u03bf \u03c0\u03b1\u03b9\u03c7\u03bd\u03af\u03b4\u03b9 \u03bc\u03b1\u03c2;<\/a><\/h3>\t\t\t\t\t\t\t\t<div class=\"news-content-excerpt\">\r\n\t\t\t\t\t\t\t\t\t\t\t\t\t\t\t\t\t\t\t<div class=\"news-short-content\">\r\n\t\t\t\t\t\t\t\t\t\t\t\u038c\u03bb\u03b1 \u03be\u03b5\u03ba\u03af\u03bd\u03b7\u03c3\u03b1\u03bd \u03ba\u03b1\u03c4\u03ac \u03c4\u03b7 \u03b4\u03b9\u03ac\u03c1\u03ba\u03b5\u03b9\u03b1 \u03c4\u03bf\u03c5 LTTA \u03c3\u03c4\u03b7\u03bd \u0391\u03b8\u03ae\u03bd\u03b1 \u03c4\u03bf\u03bd \u0399\u03bf\u03cd\u03bd\u03b9\u03bf, \u03cc\u03c0\u03bf\u03c5 \u03c0\u03c1\u03bf\u03ad\u03ba\u03c5\u03c8\u03b5 \u03ba\u03b1\u03b9 \u03b7 \u03b1\u03c1\u03c7\u03b9\u03ba\u03ae \u03b9\u03b4\u03ad\u03b1. \u03a3\u03b5 \u03c3\u03c4\u03b5\u03bd\u03ae \u03c3\u03c5\u03bd\u03b5\u03c1\u03b3\u03b1\u03c3\u03af\u03b1,...\t\t\t\t\t\t\t\t\t\t<\/div>\r\n\t\t\t\t\t\t\t\t\t\t<a href=\"https:\/\/i-gameproject.eu\/?news=%CF%84%CE%BF-%CF%80%CE%B1%CE%B9%CF%87%CE%BD%CE%AF%CE%B4%CE%B9-%CF%84%CE%B7%CF%82-%CF%83%CE%BF%CF%8D%CF%80%CE%B1%CF%82-%CF%80%CF%8E%CF%82-%CE%B4%CE%B7%CE%BC%CE%B9%CE%BF%CF%85%CF%81%CE%B3&#038;lang=el\" class=\"news-more-link\">Read More<\/a>\r\n\t\t\t\t\t\t\t\t\t\t\t\t\t\t\t\t\t<\/div><!-- .entry-content -->\r\n\t\t\t\t\t\t\t\t\t\t\t\t\t<\/div>\r\n\t\t\t\t\t<\/div>\r\n\t\t\t\t<\/div><!-- #post-## -->\r\n\t\t\t<\/div><!-- #post-## -->\r\n\t\t\r\n\t\t\t<div id=\"post-930\" class=\"news type-news wpnaw-blog-class has-date news-col-1\">\r\n\t\t\t\t<div class=\"news-inner-wrap-view news-clearfix \">\r\n\r\n\t\t\t\t\t\t\t\t\t\t<div class=\"news-thumb\">\r\n\t\t\t\t\t\t\t\t\t\t\t\t\t<div class=\"grid-news-thumb\">\r\n\t\t\t\t\t\t\t\t<a href=\"https:\/\/i-gameproject.eu\/?news=soup-game-how-was-our-game-born\"><img loading=\"lazy\" width=\"1024\" height=\"683\" src=\"https:\/\/i-gameproject.eu\/wp-content\/uploads\/2024\/02\/LTTA-IV_76-1024x683.jpg\" class=\"attachment-large size-large wp-post-image\" alt=\"\" decoding=\"async\" srcset=\"https:\/\/i-gameproject.eu\/wp-content\/uploads\/2024\/02\/LTTA-IV_76-1024x683.jpg 1024w, https:\/\/i-gameproject.eu\/wp-content\/uploads\/2024\/02\/LTTA-IV_76-300x200.jpg 300w, https:\/\/i-gameproject.eu\/wp-content\/uploads\/2024\/02\/LTTA-IV_76-768x512.jpg 768w, https:\/\/i-gameproject.eu\/wp-content\/uploads\/2024\/02\/LTTA-IV_76-1536x1024.jpg 1536w, https:\/\/i-gameproject.eu\/wp-content\/uploads\/2024\/02\/LTTA-IV_76-2048x1365.jpg 2048w, https:\/\/i-gameproject.eu\/wp-content\/uploads\/2024\/02\/LTTA-IV_76-930x620.jpg 930w\" sizes=\"(max-width: 1024px) 100vw, 1024px\" \/><\/a>\r\n\t\t\t\t\t\t\t<\/div>\r\n\t\t\t\t\t\t\t\t\t\t\t<\/div>\r\n\t\t\t\t\t\r\n\t\t\t\t\t<div class=\"news-content\">\r\n\t\t\t\t\t\t\t\t\t\t\t\t\t<div class=\"date-post\">\r\n\t\t\t\t\t\t\t\t<h2><span>20<\/span><\/h2>\r\n\t\t\t\t\t\t\t\t<p>Jan 24<\/p>\r\n\t\t\t\t\t\t\t<\/div>\r\n\t\t\t\t\t\t\r\n\t\t\t\t\t\t<div class=\"post-content-text\">\r\n\t\t\t\t\t\t\t<h3 class=\"news-title\"><a href=\"https:\/\/i-gameproject.eu\/?news=soup-game-how-was-our-game-born\" rel=\"bookmark\">&#8220;Soup Game&#8221; &#8211; How was our game born?<\/a><\/h3>\t\t\t\t\t\t\t\t<div class=\"news-content-excerpt\">\r\n\t\t\t\t\t\t\t\t\t\t\t\t\t\t\t\t\t\t\t<div class=\"news-short-content\">\r\n\t\t\t\t\t\t\t\t\t\t\tIt all began during the LTTA in Athens in June, where the initial concept came up. Collaborating closely in a...\t\t\t\t\t\t\t\t\t\t<\/div>\r\n\t\t\t\t\t\t\t\t\t\t<a href=\"https:\/\/i-gameproject.eu\/?news=soup-game-how-was-our-game-born\" class=\"news-more-link\">Read More<\/a>\r\n\t\t\t\t\t\t\t\t\t\t\t\t\t\t\t\t\t<\/div><!-- .entry-content -->\r\n\t\t\t\t\t\t\t\t\t\t\t\t\t<\/div>\r\n\t\t\t\t\t<\/div>\r\n\t\t\t\t<\/div><!-- #post-## -->\r\n\t\t\t<\/div><!-- #post-## -->\r\n\t\t\r\n\t\t\t<div id=\"post-561\" class=\"news type-news wpnaw-blog-class has-date news-col-1\">\r\n\t\t\t\t<div class=\"news-inner-wrap-view news-clearfix \">\r\n\r\n\t\t\t\t\t\t\t\t\t\t<div class=\"news-thumb\">\r\n\t\t\t\t\t\t\t\t\t\t\t\t\t<div class=\"grid-news-thumb\">\r\n\t\t\t\t\t\t\t\t<a href=\"https:\/\/i-gameproject.eu\/?news=nie-ma-mowy-o-spotkaniu-i-gry&#038;lang=pl\"><img loading=\"lazy\" width=\"1024\" height=\"769\" src=\"https:\/\/i-gameproject.eu\/wp-content\/uploads\/2022\/02\/I_Game_kick_off_meeting-1024x769.jpg\" class=\"attachment-large size-large wp-post-image\" alt=\"I_Game_kick_off_meeting\" decoding=\"async\" srcset=\"https:\/\/i-gameproject.eu\/wp-content\/uploads\/2022\/02\/I_Game_kick_off_meeting-1024x769.jpg 1024w, https:\/\/i-gameproject.eu\/wp-content\/uploads\/2022\/02\/I_Game_kick_off_meeting-300x225.jpg 300w, https:\/\/i-gameproject.eu\/wp-content\/uploads\/2022\/02\/I_Game_kick_off_meeting-768x577.jpg 768w, https:\/\/i-gameproject.eu\/wp-content\/uploads\/2022\/02\/I_Game_kick_off_meeting-1536x1153.jpg 1536w, https:\/\/i-gameproject.eu\/wp-content\/uploads\/2022\/02\/I_Game_kick_off_meeting-2048x1538.jpg 2048w\" sizes=\"(max-width: 1024px) 100vw, 1024px\" \/><\/a>\r\n\t\t\t\t\t\t\t<\/div>\r\n\t\t\t\t\t\t\t\t\t\t\t<\/div>\r\n\t\t\t\t\t\r\n\t\t\t\t\t<div class=\"news-content\">\r\n\t\t\t\t\t\t\t\t\t\t\t\t\t<div class=\"date-post\">\r\n\t\t\t\t\t\t\t\t<h2><span>4<\/span><\/h2>\r\n\t\t\t\t\t\t\t\t<p>Apr 22<\/p>\r\n\t\t\t\t\t\t\t<\/div>\r\n\t\t\t\t\t\t\r\n\t\t\t\t\t\t<div class=\"post-content-text\">\r\n\t\t\t\t\t\t\t<h3 class=\"news-title\"><a href=\"https:\/\/i-gameproject.eu\/?news=nie-ma-mowy-o-spotkaniu-i-gry&#038;lang=pl\" rel=\"bookmark\">NIE MA MOWY O SPOTKANIU I-GRY<\/a><\/h3>\t\t\t\t\t\t\t\t<div class=\"news-content-excerpt\">\r\n\t\t\t\t\t\t\t\t\t\t\t\t\t\t\t\t\t\t\t<div class=\"news-short-content\">\r\n\t\t\t\t\t\t\t\t\t\t\tW dniach 30-31 marca 2022 roku odby\u0142o si\u0119 spotkanie kick-off projektu I-GAME: Innovative GAming Methodologies in Education, w kt\u00f3rym uczestniczyli...\t\t\t\t\t\t\t\t\t\t<\/div>\r\n\t\t\t\t\t\t\t\t\t\t<a href=\"https:\/\/i-gameproject.eu\/?news=nie-ma-mowy-o-spotkaniu-i-gry&#038;lang=pl\" class=\"news-more-link\">Read More<\/a>\r\n\t\t\t\t\t\t\t\t\t\t\t\t\t\t\t\t\t<\/div><!-- .entry-content -->\r\n\t\t\t\t\t\t\t\t\t\t\t\t\t<\/div>\r\n\t\t\t\t\t<\/div>\r\n\t\t\t\t<\/div><!-- #post-## -->\r\n\t\t\t<\/div><!-- #post-## -->\r\n\t\t\r\n\t\t\t<div id=\"post-560\" class=\"news type-news wpnaw-blog-class has-date news-col-1\">\r\n\t\t\t\t<div class=\"news-inner-wrap-view news-clearfix \">\r\n\r\n\t\t\t\t\t\t\t\t\t\t<div class=\"news-thumb\">\r\n\t\t\t\t\t\t\t\t\t\t\t\t\t<div class=\"grid-news-thumb\">\r\n\t\t\t\t\t\t\t\t<a href=\"https:\/\/i-gameproject.eu\/?news=%CE%BA%CE%B9ck-de-intalnire-i-game&#038;lang=ro\"><img loading=\"lazy\" width=\"1024\" height=\"769\" src=\"https:\/\/i-gameproject.eu\/wp-content\/uploads\/2022\/02\/I_Game_kick_off_meeting-1024x769.jpg\" class=\"attachment-large size-large wp-post-image\" alt=\"I_Game_kick_off_meeting\" decoding=\"async\" srcset=\"https:\/\/i-gameproject.eu\/wp-content\/uploads\/2022\/02\/I_Game_kick_off_meeting-1024x769.jpg 1024w, https:\/\/i-gameproject.eu\/wp-content\/uploads\/2022\/02\/I_Game_kick_off_meeting-300x225.jpg 300w, https:\/\/i-gameproject.eu\/wp-content\/uploads\/2022\/02\/I_Game_kick_off_meeting-768x577.jpg 768w, https:\/\/i-gameproject.eu\/wp-content\/uploads\/2022\/02\/I_Game_kick_off_meeting-1536x1153.jpg 1536w, https:\/\/i-gameproject.eu\/wp-content\/uploads\/2022\/02\/I_Game_kick_off_meeting-2048x1538.jpg 2048w\" sizes=\"(max-width: 1024px) 100vw, 1024px\" \/><\/a>\r\n\t\t\t\t\t\t\t<\/div>\r\n\t\t\t\t\t\t\t\t\t\t\t<\/div>\r\n\t\t\t\t\t\r\n\t\t\t\t\t<div class=\"news-content\">\r\n\t\t\t\t\t\t\t\t\t\t\t\t\t<div class=\"date-post\">\r\n\t\t\t\t\t\t\t\t<h2><span>4<\/span><\/h2>\r\n\t\t\t\t\t\t\t\t<p>Apr 22<\/p>\r\n\t\t\t\t\t\t\t<\/div>\r\n\t\t\t\t\t\t\r\n\t\t\t\t\t\t<div class=\"post-content-text\">\r\n\t\t\t\t\t\t\t<h3 class=\"news-title\"><a href=\"https:\/\/i-gameproject.eu\/?news=%CE%BA%CE%B9ck-de-intalnire-i-game&#038;lang=ro\" rel=\"bookmark\">\u039a\u0399CK DE \u00ceNT\u00c2LNIRE I-GAME<\/a><\/h3>\t\t\t\t\t\t\t\t<div class=\"news-content-excerpt\">\r\n\t\t\t\t\t\t\t\t\t\t\t\t\t\t\t\t\t\t\t<div class=\"news-short-content\">\r\n\t\t\t\t\t\t\t\t\t\t\t\u00cent\u00e2lnirea de lansare a proiectului I-GAME: Metodologii inovatoare de GAming \u00een educa\u021bie a avut loc \u00een perioada 30-31 martie 2022,...\t\t\t\t\t\t\t\t\t\t<\/div>\r\n\t\t\t\t\t\t\t\t\t\t<a href=\"https:\/\/i-gameproject.eu\/?news=%CE%BA%CE%B9ck-de-intalnire-i-game&#038;lang=ro\" class=\"news-more-link\">Read More<\/a>\r\n\t\t\t\t\t\t\t\t\t\t\t\t\t\t\t\t\t<\/div><!-- .entry-content -->\r\n\t\t\t\t\t\t\t\t\t\t\t\t\t<\/div>\r\n\t\t\t\t\t<\/div>\r\n\t\t\t\t<\/div><!-- #post-## -->\r\n\t\t\t<\/div><!-- #post-## -->\r\n\t\t\r\n\t\t\t<div id=\"post-366\" class=\"news type-news wpnaw-blog-class has-date news-col-1\">\r\n\t\t\t\t<div class=\"news-inner-wrap-view news-clearfix \">\r\n\r\n\t\t\t\t\t\t\t\t\t\t<div class=\"news-thumb\">\r\n\t\t\t\t\t\t\t\t\t\t\t\t\t<div class=\"grid-news-thumb\">\r\n\t\t\t\t\t\t\t\t<a href=\"https:\/\/i-gameproject.eu\/?news=kick-off-meeting-i_game&#038;lang=el\"><img loading=\"lazy\" width=\"1024\" height=\"769\" src=\"https:\/\/i-gameproject.eu\/wp-content\/uploads\/2022\/02\/I_Game_kick_off_meeting-1024x769.jpg\" class=\"attachment-large size-large wp-post-image\" alt=\"I_Game_kick_off_meeting\" decoding=\"async\" srcset=\"https:\/\/i-gameproject.eu\/wp-content\/uploads\/2022\/02\/I_Game_kick_off_meeting-1024x769.jpg 1024w, https:\/\/i-gameproject.eu\/wp-content\/uploads\/2022\/02\/I_Game_kick_off_meeting-300x225.jpg 300w, https:\/\/i-gameproject.eu\/wp-content\/uploads\/2022\/02\/I_Game_kick_off_meeting-768x577.jpg 768w, https:\/\/i-gameproject.eu\/wp-content\/uploads\/2022\/02\/I_Game_kick_off_meeting-1536x1153.jpg 1536w, https:\/\/i-gameproject.eu\/wp-content\/uploads\/2022\/02\/I_Game_kick_off_meeting-2048x1538.jpg 2048w\" sizes=\"(max-width: 1024px) 100vw, 1024px\" \/><\/a>\r\n\t\t\t\t\t\t\t<\/div>\r\n\t\t\t\t\t\t\t\t\t\t\t<\/div>\r\n\t\t\t\t\t\r\n\t\t\t\t\t<div class=\"news-content\">\r\n\t\t\t\t\t\t\t\t\t\t\t\t\t<div class=\"date-post\">\r\n\t\t\t\t\t\t\t\t<h2><span>4<\/span><\/h2>\r\n\t\t\t\t\t\t\t\t<p>Apr 22<\/p>\r\n\t\t\t\t\t\t\t<\/div>\r\n\t\t\t\t\t\t\r\n\t\t\t\t\t\t<div class=\"post-content-text\">\r\n\t\t\t\t\t\t\t<h3 class=\"news-title\"><a href=\"https:\/\/i-gameproject.eu\/?news=kick-off-meeting-i_game&#038;lang=el\" rel=\"bookmark\">Kick-off Meeting I_Game<\/a><\/h3>\t\t\t\t\t\t\t\t<div class=\"news-content-excerpt\">\r\n\t\t\t\t\t\t\t\t\t\t\t\t\t\t\t\t\t\t\t<div class=\"news-short-content\">\r\n\t\t\t\t\t\t\t\t\t\t\t\u0397 \u03b5\u03bd\u03b1\u03c1\u03ba\u03c4\u03ae\u03c1\u03b9\u03b1 \u03c3\u03c5\u03bd\u03ac\u03bd\u03c4\u03b7\u03c3\u03b7 \u03c4\u03bf\u03c5 \u03ad\u03c1\u03b3\u03bf\u03c5 I-GAME: Innovative GAming Methodologies in Education \u03c0\u03c1\u03b1\u03b3\u03bc\u03b1\u03c4\u03bf\u03c0\u03bf\u03b9\u03ae\u03b8\u03b7\u03ba\u03b5, \u03c3\u03c4\u03b9\u03c2 30 \u03bc\u03b5 31 \u039c\u03b1\u03c1\u03c4\u03af\u03bf\u03c5 \u03c4\u03bf\u03c5 2022, \u03bc\u03b5...\t\t\t\t\t\t\t\t\t\t<\/div>\r\n\t\t\t\t\t\t\t\t\t\t<a href=\"https:\/\/i-gameproject.eu\/?news=kick-off-meeting-i_game&#038;lang=el\" class=\"news-more-link\">Read More<\/a>\r\n\t\t\t\t\t\t\t\t\t\t\t\t\t\t\t\t\t<\/div><!-- .entry-content -->\r\n\t\t\t\t\t\t\t\t\t\t\t\t\t<\/div>\r\n\t\t\t\t\t<\/div>\r\n\t\t\t\t<\/div><!-- #post-## -->\r\n\t\t\t<\/div><!-- #post-## -->\r\n\t\t\r\n\t\t\t<div id=\"post-364\" class=\"news type-news wpnaw-blog-class has-date news-col-1 wpnaw-last\">\r\n\t\t\t\t<div class=\"news-inner-wrap-view news-clearfix \">\r\n\r\n\t\t\t\t\t\t\t\t\t\t<div class=\"news-thumb\">\r\n\t\t\t\t\t\t\t\t\t\t\t\t\t<div class=\"grid-news-thumb\">\r\n\t\t\t\t\t\t\t\t<a href=\"https:\/\/i-gameproject.eu\/?news=kick-off-meeting-i_game-2\"><img loading=\"lazy\" width=\"1024\" height=\"769\" src=\"https:\/\/i-gameproject.eu\/wp-content\/uploads\/2022\/02\/I_Game_kick_off_meeting-1024x769.jpg\" class=\"attachment-large size-large wp-post-image\" alt=\"I_Game_kick_off_meeting\" decoding=\"async\" srcset=\"https:\/\/i-gameproject.eu\/wp-content\/uploads\/2022\/02\/I_Game_kick_off_meeting-1024x769.jpg 1024w, https:\/\/i-gameproject.eu\/wp-content\/uploads\/2022\/02\/I_Game_kick_off_meeting-300x225.jpg 300w, https:\/\/i-gameproject.eu\/wp-content\/uploads\/2022\/02\/I_Game_kick_off_meeting-768x577.jpg 768w, https:\/\/i-gameproject.eu\/wp-content\/uploads\/2022\/02\/I_Game_kick_off_meeting-1536x1153.jpg 1536w, https:\/\/i-gameproject.eu\/wp-content\/uploads\/2022\/02\/I_Game_kick_off_meeting-2048x1538.jpg 2048w\" sizes=\"(max-width: 1024px) 100vw, 1024px\" \/><\/a>\r\n\t\t\t\t\t\t\t<\/div>\r\n\t\t\t\t\t\t\t\t\t\t\t<\/div>\r\n\t\t\t\t\t\r\n\t\t\t\t\t<div class=\"news-content\">\r\n\t\t\t\t\t\t\t\t\t\t\t\t\t<div class=\"date-post\">\r\n\t\t\t\t\t\t\t\t<h2><span>4<\/span><\/h2>\r\n\t\t\t\t\t\t\t\t<p>Apr 22<\/p>\r\n\t\t\t\t\t\t\t<\/div>\r\n\t\t\t\t\t\t\r\n\t\t\t\t\t\t<div class=\"post-content-text\">\r\n\t\t\t\t\t\t\t<h3 class=\"news-title\"><a href=\"https:\/\/i-gameproject.eu\/?news=kick-off-meeting-i_game-2\" rel=\"bookmark\">Kick-off meeting I_Game<\/a><\/h3>\t\t\t\t\t\t\t\t<div class=\"news-content-excerpt\">\r\n\t\t\t\t\t\t\t\t\t\t\t\t\t\t\t\t\t\t\t<div class=\"news-short-content\">\r\n\t\t\t\t\t\t\t\t\t\t\tThe kick-off meeting of the I-GAME: Innovative GAming Methodologies in Education project took place on 30-31 March 2022, with partners...\t\t\t\t\t\t\t\t\t\t<\/div>\r\n\t\t\t\t\t\t\t\t\t\t<a href=\"https:\/\/i-gameproject.eu\/?news=kick-off-meeting-i_game-2\" class=\"news-more-link\">Read More<\/a>\r\n\t\t\t\t\t\t\t\t\t\t\t\t\t\t\t\t\t<\/div><!-- .entry-content -->\r\n\t\t\t\t\t\t\t\t\t\t\t\t\t<\/div>\r\n\t\t\t\t\t<\/div>\r\n\t\t\t\t<\/div><!-- #post-## -->\r\n\t\t\t<\/div><!-- #post-## -->\r\n\t\t\t<\/div>\r\n\r\n\t<\/div>\n\t\t\t\t<\/div>\n\t\t\t\t<\/div>\n\t\t\t\t\t<\/div>\n\t\t<\/div>\n\t\t\t\t\t\t\t<\/div>\n\t\t<\/section>\n\t\t\t\t<section class=\"elementor-section elementor-top-section elementor-element elementor-element-7c0034e elementor-section-boxed elementor-section-height-default elementor-section-height-default\" data-id=\"7c0034e\" data-element_type=\"section\">\n\t\t\t\t\t\t<div class=\"elementor-container elementor-column-gap-default\">\n\t\t\t\t\t<div class=\"elementor-column elementor-col-100 elementor-top-column elementor-element elementor-element-e1b0562\" data-id=\"e1b0562\" data-element_type=\"column\">\n\t\t\t<div class=\"elementor-widget-wrap elementor-element-populated\">\n\t\t\t\t\t\t\t\t<div class=\"elementor-element elementor-element-a19be67 elementor-widget elementor-widget-spacer\" data-id=\"a19be67\" data-element_type=\"widget\" data-widget_type=\"spacer.default\">\n\t\t\t\t<div class=\"elementor-widget-container\">\n\t\t\t\t\t<div class=\"elementor-spacer\">\n\t\t\t<div class=\"elementor-spacer-inner\"><\/div>\n\t\t<\/div>\n\t\t\t\t<\/div>\n\t\t\t\t<\/div>\n\t\t\t\t\t<\/div>\n\t\t<\/div>\n\t\t\t\t\t\t\t<\/div>\n\t\t<\/section>\n\t\t\t\t\t\t\t<\/div>\n\t\t","protected":false},"excerpt":{"rendered":"<p>Aktualno\u015bci<\/p>\n","protected":false},"author":1,"featured_media":0,"parent":0,"menu_order":0,"comment_status":"closed","ping_status":"closed","template":"page-templates\/template-pagebuilder-full-width.php","meta":{"neve_meta_sidebar":"","neve_meta_container":"","neve_meta_enable_content_width":"","neve_meta_content_width":0,"neve_meta_title_alignment":"","neve_meta_author_avatar":"","neve_post_elements_order":"","neve_meta_disable_header":"","neve_meta_disable_footer":"","neve_meta_disable_title":"","footnotes":""},"_links":{"self":[{"href":"https:\/\/i-gameproject.eu\/index.php?rest_route=\/wp\/v2\/pages\/258"}],"collection":[{"href":"https:\/\/i-gameproject.eu\/index.php?rest_route=\/wp\/v2\/pages"}],"about":[{"href":"https:\/\/i-gameproject.eu\/index.php?rest_route=\/wp\/v2\/types\/page"}],"author":[{"embeddable":true,"href":"https:\/\/i-gameproject.eu\/index.php?rest_route=\/wp\/v2\/users\/1"}],"replies":[{"embeddable":true,"href":"https:\/\/i-gameproject.eu\/index.php?rest_route=%2Fwp%2Fv2%2Fcomments&post=258"}],"version-history":[{"count":7,"href":"https:\/\/i-gameproject.eu\/index.php?rest_route=\/wp\/v2\/pages\/258\/revisions"}],"predecessor-version":[{"id":1097,"href":"https:\/\/i-gameproject.eu\/index.php?rest_route=\/wp\/v2\/pages\/258\/revisions\/1097"}],"wp:attachment":[{"href":"https:\/\/i-gameproject.eu\/index.php?rest_route=%2Fwp%2Fv2%2Fmedia&parent=258"}],"curies":[{"name":"wp","href":"https:\/\/api.w.org\/{rel}","templated":true}]}}